{"id":2,"date":"2016-12-26T17:25:04","date_gmt":"2016-12-26T16:25:04","guid":{"rendered":"http:\/\/lodesse.com\/blog\/?page_id=2"},"modified":"2017-06-05T12:21:21","modified_gmt":"2017-06-05T10:21:21","slug":"a-propos-osmose-lodesse","status":"publish","type":"page","link":"https:\/\/lodesse.com\/blog\/a-propos-osmose-lodesse\/","title":{"rendered":"\u00c0 propos"},"content":{"rendered":"<p><span class=\"large-text\">J\u2019ai cr\u00e9\u00e9 <em>Lodesse<\/em> pour aider les femmes \u00e0 sentir mieux dans leur peau, gr\u00e2ce \u00e0 des produits en totale osmose avec leur peau, qui rendent la peau plus rebondie, plus douce, plus confortable.<\/span><\/p>\n<p><span class=\"large-text\">Lorsqu\u2019une cliente nous interroge sur sa peau, nous sommes souvent amen\u00e9es \u00e0 lui donner des conseils plus larges\u00a0: revisiter un peu ses gestes de nettoyage, lui apprendre \u00e0 ne pas trop se focaliser sur des petits \u00ab\u00a0d\u00e9fauts\u00a0\u00bb qu\u2019elle est la seule \u00e0 voir (boutons, imperfections, ridules), nous faisons le lien avec le syst\u00e8me digestif et \u00e9motionnel. Bien souvent cela nous conduit \u00e0 apprendre \u00e0 nos clientes \u00e0 s\u2019aimer un peu plus, \u00e0 poser sur elles-m\u00eames un regard doux et bienveillant.<\/span><\/p>\n<p><span class=\"large-text\">Lors des journ\u00e9es de soins visage Lodesse que nous organisons dans notre cabine pilote, nous prenons du temps pour discuter, faire connaissance, apporter si besoin nos conseils et nos contacts th\u00e9rapeutiques ou esth\u00e9tiques.<\/span><\/p>\n<p><span class=\"large-text\">Tous les mois, nous essayons d\u2019expliquer une th\u00e9matique li\u00e9e aux cosm\u00e9tiques et au soin de la peau \u00e0 travers nos newsletters que nous voulons les plus didactiques et les plus claires possibles.<\/span><\/p>\n<p><span class=\"large-text\">Et bien s\u00fbr il y a nos tutoriels d\u2019automassage.<\/span><\/p>\n<p><span class=\"large-text\">Les clientes de Lodesse sont des femmes intelligentes, ouvertes, sensibles et c\u2019est un bonheur de faire leur rencontre et d\u2019\u00e9changer avec elles.<\/span><\/p>\n<p><span class=\"large-text\">Ce lien qui s\u2019est tiss\u00e9 avec nos clientes, que ce soit en direct sur Paris, ou par t\u00e9l\u00e9phone ou mail avec nos clientes de province, est naturellement venu se concr\u00e9tiser et s\u2019amplifier \u00e0 travers dans ce blog, Osmose.<\/span><\/p>\n<p><span class=\"large-text\"><strong>Ce blog va plus loin que les produits Lodesse dans\u00a0mon d\u00e9sir profond d\u2019aider les femmes, \u00e0 commencer par moi-m\u00eame, \u00e0 \u00eatre bien dans leur peau, bien dans leur vie, en se connaissant un peu plus et en s\u2019aimant un peu mieux.<br \/>\n<\/strong><\/span><span class=\"large-text\"><strong>Osmose est un espace\u00a0d\u2019information et d\u2019inspiration pour toutes les femmes qui souhaitent se sentir bien dans leur peau, dans leurs corps, f\u00e9minines et \u00e9panouies \u00e0 tout \u00e2ge.<\/strong><\/span><\/p>\n<p><span class=\"large-text\">Au fil des ann\u00e9es, pour tenter d\u2019am\u00e9liorer ma peau et mon propre bien-\u00eatre, j\u2019ai fait des rencontres qui se sont transform\u00e9es en amiti\u00e9s, de professionnel(le)s soucieux d\u2019aider, tout en gentillesse. Vous retrouvez toutes ces personnes dans le blog parmi les contributeurs\u00a0:<\/span><\/p>\n<p><span class=\"large-text\">Il y a Pascaline, aujourd\u2019hui naturopathe sp\u00e9cialis\u00e9e dans les probl\u00e9matiques f\u00e9minines. Pascaline est la joie de vivre et la chaleur incarn\u00e9es.<\/span><\/p>\n<p><span class=\"large-text\">Il y a Nelly, de Make My Beauty, humble et joyeuse grande pro du maquillage. L\u2019univers de Make My Beauty est tout ce que j\u2019aime\u00a0: f\u00e9minin, joyeux, taquin, na\u00eff.<\/span><\/p>\n<p><span class=\"large-text\">Il y a Max, le dermato conseil de Lodesse, une intelligence vive, une capacit\u00e9 incroyable \u00e0 remarquer\u00a0des choses que peu de sp\u00e9cialistes per\u00e7oivent et que seule son intelligence remarquable peut saisir. C\u2019est Monsieur Peeling. Il vous expliquera le pourquoi et le comment des peelings, gr\u00e2ce \u00e0 ses ann\u00e9es d\u2019exp\u00e9rience.<\/span><\/p>\n<p><span class=\"large-text\">Il y a Pascal, le sp\u00e9cialiste du laser et des taches. Doux, patient, \u00e0 l\u2019\u00e9coute. Il conna\u00eet \u00e0 merveille tous les appareils les plus pointus en mati\u00e8re de m\u00e9decine esth\u00e9tique.<\/span><\/p>\n<p><span class=\"large-text\">J\u2019ai beaucoup de joie \u00e0 lancer Osmose, car c\u2019est l\u2019espace o\u00f9 se tisse ce lien si important pour moi avec les clientes, qui va bien au-del\u00e0 des cosm\u00e9tiques. C\u2019est l\u2019espace o\u00f9 apporter ma et nos contributions, r\u00e9flexions, exp\u00e9riences, pour nous aider \u00e0 nous sentir mieux.<\/span><\/p>\n<p><span class=\"large-text\">Je vous demande la plus grande indulgence\u00a0: nous avons tant de choses \u00e0 dire et tant \u00e0 faire en dehors du blog que c\u2019en est frustrant. Mais il s\u2019enrichira progressivement de tout ce qui pourrait vous \u00eatre utile.<\/span><\/p>\n<p><span class=\"large-text\">Si vous souhaitez contribuer ou si vous souhaitez que nous traitions des probl\u00e9matiques qui vous tiennent \u00e0 c\u0153ur, \u00e9crivez-nous : info@lodesse.com. <\/span><\/p>\n<p><span class=\"large-text\">Ce blog est l\u00e0 pour vous !<\/span><\/p>\n<p>&nbsp;<\/p>\n<p>&nbsp;<\/p>\n<p>&nbsp;<\/p>\n","protected":false},"excerpt":{"rendered":"<p>J\u2019ai cr\u00e9\u00e9 Lodesse pour aider les femmes \u00e0 sentir mieux dans leur peau, gr\u00e2ce \u00e0 des produits en totale osmose&#8230;<\/p>\n","protected":false},"author":1,"featured_media":0,"parent":0,"menu_order":0,"comment_status":"closed","ping_status":"open","template":"","meta":{"footnotes":""},"class_list":["post-2","page","type-page","status-publish","hentry"],"_links":{"self":[{"href":"https:\/\/lodesse.com\/blog\/wp-json\/wp\/v2\/pages\/2","targetHints":{"allow":["GET"]}}],"collection":[{"href":"https:\/\/lodesse.com\/blog\/wp-json\/wp\/v2\/pages"}],"about":[{"href":"https:\/\/lodesse.com\/blog\/wp-json\/wp\/v2\/types\/page"}],"author":[{"embeddable":true,"href":"https:\/\/lodesse.com\/blog\/wp-json\/wp\/v2\/users\/1"}],"replies":[{"embeddable":true,"href":"https:\/\/lodesse.com\/blog\/wp-json\/wp\/v2\/comments?post=2"}],"version-history":[{"count":18,"href":"https:\/\/lodesse.com\/blog\/wp-json\/wp\/v2\/pages\/2\/revisions"}],"predecessor-version":[{"id":309,"href":"https:\/\/lodesse.com\/blog\/wp-json\/wp\/v2\/pages\/2\/revisions\/309"}],"wp:attachment":[{"href":"https:\/\/lodesse.com\/blog\/wp-json\/wp\/v2\/media?parent=2"}],"curies":[{"name":"wp","href":"https:\/\/api.w.org\/{rel}","templated":true}]}}